{"id":3393,"date":"2018-03-16T13:56:06","date_gmt":"2018-03-16T11:56:06","guid":{"rendered":"https:\/\/tavellarestaurant.com\/menus\/suggeriments\/"},"modified":"2026-03-13T14:15:02","modified_gmt":"2026-03-13T12:15:02","slug":"suggeriments","status":"publish","type":"page","link":"https:\/\/tavellarestaurant.com\/val\/menus\/suggeriments\/","title":{"rendered":"SUGGERIMENTS"},"content":{"rendered":"<div class=\"menu-list \">\n<h2 class=\"menu-list__title\">Fora de men\u00fas.<\/h2>\n<ul class=\"menu-list__items\">\n<li class=\"menu-list__item\">\n<h4 class=\"menu-list__item-title\">Foc, mar i terra.<\/h4>\n<hr class=\"separator\"\/>\n<\/li>\n<li class=\"menu-list__item\">\n<h4 class=\"menu-list__item-title\">PERNIL IB\u00c8RIC DE GLA. GRAN SELECCI\u00d3 2018. D.O.P. GUIJUELO. HIJOS DE ATILANO GONZ\u00c1LEZ\u00a0 32,50 \u20ac<\/h4>\n<\/li>\n<li class=\"menu-list__item\">\n<h4 class=\"menu-list__item-title\">SELECCI\u00d3 DE FORMATGES ARTESANS (PER PERSONA) 9,00 \u20ac<\/h4>\n<\/li>\n<li class=\"menu-list__item\">\n<h4 class=\"menu-list__item-title\">PEBROTS DEL PIQUILLO \u201cEXTRA\u201d DE PUENTE LA REINA A LA BRASA 16,00 \u20ac<\/h4>\n<\/li>\n<li class=\"menu-list__item\">\n<h4 class=\"menu-list__item-title\">OSTRA FRANCESA (AL NATURAL \/ A LA BRASA) (UNITAT) 5,40 \u20ac uni.<\/h4>\n<\/li>\n<li class=\"menu-list__item\">\n<h4 class=\"menu-list__item-title\">ANXOVA DE PRIMAVERA ORTIZ (UNITAT) 9,00 \u20ac<\/h4>\n<\/li>\n<li class=\"menu-list__item\">\n<h4 class=\"menu-list__item-title\">VENTRESCA DE TONYINA AMANIDA 32,00 \u20ac<\/h4>\n<\/li>\n<li class=\"menu-list__item\">\n<h4 class=\"menu-list__item-title\">OUS DE TONYINA D\u2019ALMADRAVA 48 \u20ac \/ 0,1 KG<\/h4>\n<\/li>\n<li class=\"menu-list__item\">\n<h4 class=\"menu-list__item-title\">GAMBA ROJA DEL MEDITERRANI (BULLIDA \/ A LA BRASA) P\/SM<\/h4>\n<\/li>\n<li class=\"menu-list__item\">\n<h4 class=\"menu-list__item-title\">CAVIAR BELUGA 000 IRANI\u00c0 100 G. 385,00 \u20ac<\/h4>\n<\/li>\n<li class=\"menu-list__item\">\n<h4 class=\"menu-list__item-title\">CAVIAR BELUGA 000 IRANI\u00c0 250 G. 860,00 \u20ac<\/h4>\n<\/li>\n<li class=\"menu-list__item\">\n<h4 class=\"menu-list__item-title\">MOLL D\u2019OS A LA BRASA 11,00 \u20ac<\/h4>\n<\/li>\n<li class=\"menu-list__item\">\n<h4 class=\"menu-list__item-title\">MOLL D\u2019OS A LA BRASA AMB CAVIAR BELUGA 000 IRANI\u00c0 80,00 \u20ac<\/h4>\n<\/li>\n<li class=\"menu-list__item\">\n<h4 class=\"menu-list__item-title\">MILFULLES DE CAVIAR BELUGA 000 IRANI\u00c0 25,00 \u20ac<\/h4>\n<\/li>\n<li class=\"menu-list__item\">\n<h4 class=\"menu-list__item-title\">STEAK T\u00c0RTAR 29,00 \u20ac<\/h4>\n<\/li>\n<li class=\"menu-list__item\">\n<h4 class=\"menu-list__item-title\">COCA DE DACSA D\u2019AGUACHILE AMB LLAGOST\u00cd DE VINAR\u00d2S (UNITAT) 11,00 \u20ac<\/h4>\n<\/li>\n<li class=\"menu-list__item\">\n<h4 class=\"menu-list__item-title\">MOLLET DE RELLOM I FOIE (UNITAT) 16,00 \u20ac<\/h4>\n<\/li>\n<li class=\"menu-list__item\">\n<h4 class=\"menu-list__item-title\">VACA VELLA 78,00 \u20ac \/ KG<\/h4>\n<\/li>\n<li class=\"menu-list__item\">\n<h4 class=\"menu-list__item-title\">PEIX SALVATGE P\/SM<\/h4>\n<hr class=\"separator\"\/>\n<\/li>\n<\/ul>\n<\/div>\n\n","protected":false},"excerpt":{"rendered":"","protected":false},"author":1,"featured_media":3812,"parent":3366,"menu_order":0,"comment_status":"open","ping_status":"open","template":"","meta":{"novablocks_hero_scroll_indicator":false,"novablocks_hero_position_indicators":false},"_links":{"self":[{"href":"https:\/\/tavellarestaurant.com\/val\/wp-json\/wp\/v2\/pages\/3393"}],"collection":[{"href":"https:\/\/tavellarestaurant.com\/val\/wp-json\/wp\/v2\/pages"}],"about":[{"href":"https:\/\/tavellarestaurant.com\/val\/wp-json\/wp\/v2\/types\/page"}],"author":[{"embeddable":true,"href":"https:\/\/tavellarestaurant.com\/val\/wp-json\/wp\/v2\/users\/1"}],"replies":[{"embeddable":true,"href":"https:\/\/tavellarestaurant.com\/val\/wp-json\/wp\/v2\/comments?post=3393"}],"version-history":[{"count":24,"href":"https:\/\/tavellarestaurant.com\/val\/wp-json\/wp\/v2\/pages\/3393\/revisions"}],"predecessor-version":[{"id":4774,"href":"https:\/\/tavellarestaurant.com\/val\/wp-json\/wp\/v2\/pages\/3393\/revisions\/4774"}],"up":[{"embeddable":true,"href":"https:\/\/tavellarestaurant.com\/val\/wp-json\/wp\/v2\/pages\/3366"}],"wp:featuredmedia":[{"embeddable":true,"href":"https:\/\/tavellarestaurant.com\/val\/wp-json\/wp\/v2\/media\/3812"}],"wp:attachment":[{"href":"https:\/\/tavellarestaurant.com\/val\/wp-json\/wp\/v2\/media?parent=3393"}],"curies":[{"name":"wp","href":"https:\/\/api.w.org\/{rel}","templated":true}]}}