{"id":3387,"date":"2021-05-13T12:59:09","date_gmt":"2021-05-13T10:59:09","guid":{"rendered":"https:\/\/tavellarestaurant.com\/reserves\/"},"modified":"2022-05-12T17:39:33","modified_gmt":"2022-05-12T15:39:33","slug":"reserves","status":"publish","type":"page","link":"https:\/\/tavellarestaurant.com\/val\/reserves\/","title":{"rendered":"Reserves"},"content":{"rendered":"<div class=\"pixcode  pixcode--grid  grid  thick-gutter  \">\n<div class=\"grid__item six-twelfths palm-one-whole \">\n\n<h3 class=\"flush--top\">Reserves<\/h3>\n<p>Camino Viejo de L\u00edria 93, 46015 Beniferri, Valencia.<\/p>\n<p>Horari de cuina:<br \/>\n12.00 a 16.00 hores \/\/ 20.15 a 23.30 hores<br \/>\ntavellarestaurant@gmail.com<br \/>\nTel. de reserves: 635 69 36 56 \/ 96 349 87 71<\/p>\n<ul>\n<li>Obert: de dimarts a dissabte<\/li>\n<li>Tancat dilluns i diumenge<\/li>\n<\/ul>\n<p><strong>Pol\u00edtica de cancel\u00b7laci\u00f3 de reserves:<\/strong><\/p>\n<p>La realitzaci\u00f3 de la reserva suposa l&#8217;acceptaci\u00f3 i conformitat per part del client d&#8217;aquestes condicions. S&#8217;acceptaran modificacions (en funci\u00f3 de la disponibilitat del restaurant) o cancel\u00b7lacions sempre amb m\u00ednim de 24 hores d&#8217;antelaci\u00f3 a la reserva inicial, excepte en les reserves de grups (a partir de 10 comensals) la cancel\u00b7laci\u00f3 dels quals haur\u00e0 de realitzar-se amb 10 dies d&#8217;antelaci\u00f3. Tota modificaci\u00f3 o cancel\u00b7laci\u00f3 executada fora del termini establit suposar\u00e0 la p\u00e8rdua del pagament anticipat de la reserva.<\/p>\n<p>Per a realitzar cancel\u00b7laci\u00f3 o modificaci\u00f3 de la reserva haur\u00e0 de sol\u00b7licitar-ho per email: <a href=\"mailto:tavellarestaurant@gmail.com\">tavellarestaurant@gmail.com<\/a><\/p>\n<p>Els clients han d&#8217;indicar-nos circumst\u00e0ncies personals com ara: al\u00b7l\u00e8rgies, intoler\u00e0ncies o altres problemes alimentaris a fi de poder adaptar el men\u00fa a les necessitats de cada client. \u00c9s molt important que ens comunique qualsevol al\u00b7l\u00e8rgia o intoler\u00e0ncia en fer la reserva.<\/p>\n<h3>SEGUEIX-NOS<\/h3>\n<a class=\"pixcode-icon-link\"  href=\"https:\/\/instagram.com\/tavellacuina\/\"  target=\"_blank\" \"><i class=\"pixcode  pixcode--icon  icon-e-instagram  circle  medium  \"><\/i><\/a> <a class=\"pixcode-icon-link\"  href=\"https:\/\/www.facebook.com\/tavellarestaurant\"  target=\"_blank\" \"><i class=\"pixcode  pixcode--icon  icon-e-facebook  circle  medium  \"><\/i><\/a> <a class=\"pixcode-icon-link\"  href=\"https:\/\/twitter.com\/TavellaCuina\"  target=\"_blank\" \"><i class=\"pixcode  pixcode--icon  icon-e-twitter  circle  medium  \"><\/i><\/a>\n\n<\/div>\n\n<div class=\"grid__item six-twelfths palm-one-whole \">\n\n<p><script type=\"text\/javascript\" src=\"https:\/\/www.covermanager.com\/js\/iframeResizer.min.js\"><\/script><br \/>\n<script type=\"text\/javascript\" src=\"https:\/\/www.covermanager.com\/reservation\/gtmcrossdomain\/tavella\"><\/script><iframe loading=\"lazy\" style=\"height: 700px !important;\" title=\"Reserves\" src=\"https:\/\/www.covermanager.com\/reservation\/module_restaurant\/tavella\/spanish\" width=\"100%\" height=\"550\" frameborder=\"0\"><\/iframe><\/p>\n\n<\/div>\n\n<div class=\"grid__item one-whole palm-one-whole \">\n\n<iframe loading=\"lazy\" style=\"border: 0;\" src=\"https:\/\/www.google.com\/maps\/embed?pb=!1m18!1m12!1m3!1d3078.8242090928316!2d-0.4096271846318564!3d39.495883879482754!2m3!1f0!2f0!3f0!3m2!1i1024!2i768!4f13.1!3m3!1m2!1s0xd604584ad78a699%3A0xf208fc76e4b4ac5!2sTavella%20restaurant.%20Pablo%20Chirivella!5e0!3m2!1ses!2ses!4v1621242609306!5m2!1ses!2ses\" width=\"600\" height=\"250\" allowfullscreen=\"allowfullscreen\"><\/iframe><br \/>\n\n<\/div>\n\n\n<\/div>\n\n","protected":false},"excerpt":{"rendered":"","protected":false},"author":1,"featured_media":3752,"parent":0,"menu_order":0,"comment_status":"closed","ping_status":"closed","template":"","meta":{"novablocks_hero_scroll_indicator":false,"novablocks_hero_position_indicators":false},"_links":{"self":[{"href":"https:\/\/tavellarestaurant.com\/val\/wp-json\/wp\/v2\/pages\/3387"}],"collection":[{"href":"https:\/\/tavellarestaurant.com\/val\/wp-json\/wp\/v2\/pages"}],"about":[{"href":"https:\/\/tavellarestaurant.com\/val\/wp-json\/wp\/v2\/types\/page"}],"author":[{"embeddable":true,"href":"https:\/\/tavellarestaurant.com\/val\/wp-json\/wp\/v2\/users\/1"}],"replies":[{"embeddable":true,"href":"https:\/\/tavellarestaurant.com\/val\/wp-json\/wp\/v2\/comments?post=3387"}],"version-history":[{"count":1,"href":"https:\/\/tavellarestaurant.com\/val\/wp-json\/wp\/v2\/pages\/3387\/revisions"}],"predecessor-version":[{"id":3657,"href":"https:\/\/tavellarestaurant.com\/val\/wp-json\/wp\/v2\/pages\/3387\/revisions\/3657"}],"wp:featuredmedia":[{"embeddable":true,"href":"https:\/\/tavellarestaurant.com\/val\/wp-json\/wp\/v2\/media\/3752"}],"wp:attachment":[{"href":"https:\/\/tavellarestaurant.com\/val\/wp-json\/wp\/v2\/media?parent=3387"}],"curies":[{"name":"wp","href":"https:\/\/api.w.org\/{rel}","templated":true}]}}